{"id":60,"date":"2025-10-19T13:53:30","date_gmt":"2025-10-19T11:53:30","guid":{"rendered":"http:\/\/meshroh.cluster021.hosting.ovh.net\/?page_id=60"},"modified":"2025-11-12T02:33:13","modified_gmt":"2025-11-12T00:33:13","slug":"use-cases","status":"publish","type":"page","link":"https:\/\/meshroom.org\/index.php\/use-cases\/","title":{"rendered":"Use Cases"},"content":{"rendered":"\n<div class=\"wp-block-group alignfull is-style-section-2 has-global-padding is-layout-constrained wp-block-group-is-layout-constrained is-style-section-2--1\" style=\"margin-top:0;margin-bottom:0;padding-top:var(--wp--preset--spacing--60);padding-bottom:var(--wp--preset--spacing--60)\">\n<div class=\"wp-block-columns alignwide is-layout-flex wp-container-core-columns-is-layout-643ced6b wp-block-columns-is-layout-flex\">\n<div class=\"wp-block-column is-layout-flow wp-block-column-is-layout-flow\" style=\"flex-basis:60%\">\n<figure class=\"wp-block-embed is-type-video is-provider-youtube wp-block-embed-youtube wp-embed-aspect-16-9 wp-has-aspect-ratio\"><div class=\"wp-block-embed__wrapper\">\n<iframe loading=\"lazy\" title=\"MPC - Meshroom x Emilia P\u00e9rez\" width=\"500\" height=\"281\" src=\"https:\/\/www.youtube.com\/embed\/M8SK1rQh0_M?feature=oembed\" frameborder=\"0\" allow=\"accelerometer; autoplay; clipboard-write; encrypted-media; gyroscope; picture-in-picture; web-share\" referrerpolicy=\"strict-origin-when-cross-origin\" allowfullscreen><\/iframe>\n<\/div><\/figure>\n<\/div>\n\n\n\n<div class=\"wp-block-column is-vertically-aligned-center is-layout-flow wp-container-core-column-is-layout-119bc444 wp-block-column-is-layout-flow\" style=\"flex-basis:40%\">\n<h2 class=\"wp-block-heading has-xx-large-font-size\">For Visual Effects<\/h2>\n\n\n\n<p>Meshroom is a node-based platform that streamlines VFX pipelines, using photogrammetry to create high-quality assets and environments, 360\u00b0 HDRI capture for realistic lighting, and camera tracking to seamlessly integrate CG elements into final shots.<\/p>\n<\/div>\n<\/div>\n\n\n\n<div class=\"wp-block-columns alignwide is-layout-flex wp-container-core-columns-is-layout-643ced6b wp-block-columns-is-layout-flex\">\n<div class=\"wp-block-column is-layout-flow wp-block-column-is-layout-flow\" style=\"flex-basis:10%\">\n<div style=\"height:100px\" aria-hidden=\"true\" class=\"wp-block-spacer\"><\/div>\n<\/div>\n\n\n\n<div class=\"wp-block-column is-layout-flow wp-block-column-is-layout-flow\" style=\"flex-basis:40%\">\n<blockquote class=\"wp-block-quote is-layout-flow wp-container-core-quote-is-layout-32eaba3f wp-block-quote-is-layout-flow\" style=\"margin-top:var(--wp--preset--spacing--50);margin-bottom:var(--wp--preset--spacing--50);padding-top:0;padding-right:0;padding-bottom:0;padding-left:0\">\n<div class=\"wp-block-group is-nowrap is-layout-flex wp-container-core-group-is-layout-6c531013 wp-block-group-is-layout-flex\">\n<figure class=\"wp-block-image size-large\"><img loading=\"lazy\" decoding=\"async\" width=\"1024\" height=\"509\" src=\"http:\/\/meshroh.cluster021.hosting.ovh.net\/wp-content\/uploads\/2025\/10\/LOGO-50e-2025-NEW-50_07-TECHNIQUES-blanc-1024x509.png\" alt=\"\" class=\"wp-image-126\" srcset=\"https:\/\/meshroom.org\/wp-content\/uploads\/2025\/10\/LOGO-50e-2025-NEW-50_07-TECHNIQUES-blanc-1024x509.png 1024w, https:\/\/meshroom.org\/wp-content\/uploads\/2025\/10\/LOGO-50e-2025-NEW-50_07-TECHNIQUES-blanc-300x149.png 300w, https:\/\/meshroom.org\/wp-content\/uploads\/2025\/10\/LOGO-50e-2025-NEW-50_07-TECHNIQUES-blanc-768x382.png 768w, https:\/\/meshroom.org\/wp-content\/uploads\/2025\/10\/LOGO-50e-2025-NEW-50_07-TECHNIQUES-blanc.png 1099w\" sizes=\"auto, (max-width: 1024px) 100vw, 1024px\" \/><\/figure>\n\n\n\n<p><a href=\"https:\/\/www.mpcvfx.com\/fr\/news\/mpc-paris-laureat-du-prix-de-linnovation-cesar-techniques-2025\/\" data-type=\"link\" data-id=\"https:\/\/www.mpcvfx.com\/fr\/news\/mpc-paris-laureat-du-prix-de-linnovation-cesar-techniques-2025\/\">MPC received the Innovation Award<\/a> at the <a href=\"https:\/\/www.academie-cinema.org\/evenements\/cesar-techniques-2025\/le-prix-de-linnovation-cesar-techniques-2025\/\">2025 C\u00e9sar &amp; Technical Awards<\/a> for its development on Meshroom.<\/p>\n<\/div>\n<\/blockquote>\n<\/div>\n\n\n\n<div class=\"wp-block-column is-vertically-aligned-center is-layout-flow wp-container-core-column-is-layout-119bc444 wp-block-column-is-layout-flow\" style=\"flex-basis:50%\">\n<div class=\"wp-block-group has-global-padding is-layout-constrained wp-block-group-is-layout-constrained\">\n<figure data-wp-context=\"{&quot;imageId&quot;:&quot;69f4daf3e5dd3&quot;}\" data-wp-interactive=\"core\/image\" data-wp-key=\"69f4daf3e5dd3\" class=\"wp-block-image alignright size-large wp-lightbox-container\"><img loading=\"lazy\" decoding=\"async\" width=\"1024\" height=\"576\" data-wp-class--hide=\"state.isContentHidden\" data-wp-class--show=\"state.isContentVisible\" data-wp-init=\"callbacks.setButtonStyles\" data-wp-on--click=\"actions.showLightbox\" data-wp-on--load=\"callbacks.setButtonStyles\" data-wp-on-window--resize=\"callbacks.setButtonStyles\" src=\"http:\/\/meshroh.cluster021.hosting.ovh.net\/wp-content\/uploads\/2025\/10\/MPC_Winner-CesarTechniques25_Website_16x9-Header-1024x576.jpg\" alt=\"\" class=\"wp-image-85\" style=\"object-fit:cover\" srcset=\"https:\/\/meshroom.org\/wp-content\/uploads\/2025\/10\/MPC_Winner-CesarTechniques25_Website_16x9-Header-1024x576.jpg 1024w, https:\/\/meshroom.org\/wp-content\/uploads\/2025\/10\/MPC_Winner-CesarTechniques25_Website_16x9-Header-300x169.jpg 300w, https:\/\/meshroom.org\/wp-content\/uploads\/2025\/10\/MPC_Winner-CesarTechniques25_Website_16x9-Header-768x432.jpg 768w, https:\/\/meshroom.org\/wp-content\/uploads\/2025\/10\/MPC_Winner-CesarTechniques25_Website_16x9-Header-1536x864.jpg 1536w, https:\/\/meshroom.org\/wp-content\/uploads\/2025\/10\/MPC_Winner-CesarTechniques25_Website_16x9-Header.jpg 1920w\" sizes=\"auto, (max-width: 1024px) 100vw, 1024px\" \/><button\n\t\t\tclass=\"lightbox-trigger\"\n\t\t\ttype=\"button\"\n\t\t\taria-haspopup=\"dialog\"\n\t\t\taria-label=\"Enlarge\"\n\t\t\tdata-wp-init=\"callbacks.initTriggerButton\"\n\t\t\tdata-wp-on--click=\"actions.showLightbox\"\n\t\t\tdata-wp-style--right=\"state.imageButtonRight\"\n\t\t\tdata-wp-style--top=\"state.imageButtonTop\"\n\t\t>\n\t\t\t<svg xmlns=\"http:\/\/www.w3.org\/2000\/svg\" width=\"12\" height=\"12\" fill=\"none\" viewBox=\"0 0 12 12\">\n\t\t\t\t<path fill=\"#fff\" d=\"M2 0a2 2 0 0 0-2 2v2h1.5V2a.5.5 0 0 1 .5-.5h2V0H2Zm2 10.5H2a.5.5 0 0 1-.5-.5V8H0v2a2 2 0 0 0 2 2h2v-1.5ZM8 12v-1.5h2a.5.5 0 0 0 .5-.5V8H12v2a2 2 0 0 1-2 2H8Zm2-12a2 2 0 0 1 2 2v2h-1.5V2a.5.5 0 0 0-.5-.5H8V0h2Z\" \/>\n\t\t\t<\/svg>\n\t\t<\/button><\/figure>\n<\/div>\n<\/div>\n<\/div>\n\n\n\n<div class=\"wp-block-columns is-layout-flex wp-container-core-columns-is-layout-28f84493 wp-block-columns-is-layout-flex\">\n<div class=\"wp-block-column is-layout-flow wp-block-column-is-layout-flow\" style=\"flex-basis:33.33%\"><\/div>\n\n\n\n<div class=\"wp-block-column is-layout-flow wp-block-column-is-layout-flow\" style=\"flex-basis:66.66%\"><\/div>\n<\/div>\n<\/div>\n\n\n\n<div class=\"wp-block-group alignfull is-style-section-5 has-global-padding is-layout-constrained wp-block-group-is-layout-constrained is-style-section-5--2\" style=\"margin-top:0;margin-bottom:0;padding-top:var(--wp--preset--spacing--50);padding-bottom:var(--wp--preset--spacing--50)\">\n<div class=\"wp-block-columns alignwide is-layout-flex wp-container-core-columns-is-layout-7ee84d44 wp-block-columns-is-layout-flex\">\n<div class=\"wp-block-column is-vertically-aligned-center is-layout-flow wp-block-column-is-layout-flow\" style=\"flex-basis:40%\">\n<h2 class=\"wp-block-heading\">For Cultural Heritage<\/h2>\n\n\n\n<p class=\"has-text-align-left has-medium-font-size\">Archaeologists can leverage Meshroom\u2019s adaptable node-based workflow for a wide range of acquisitions, from tiny objects to expansive environments, with photometric stereo for capturing fine surface details and robust reconstruction even on difficult materials.<\/p>\n<\/div>\n\n\n\n<div class=\"wp-block-column is-vertically-aligned-center is-layout-flow wp-block-column-is-layout-flow\" style=\"flex-basis:60%\">\n<figure class=\"wp-block-embed is-type-video is-provider-youtube wp-block-embed-youtube wp-embed-aspect-16-9 wp-has-aspect-ratio\"><div class=\"wp-block-embed__wrapper\">\n<iframe loading=\"lazy\" title=\"JC3DSHS-2023\/D\u00e9veloppement d&#039;une suite logicielle open source de st\u00e9r\u00e9ophotom\u00e9trie pour patrimoine\" width=\"500\" height=\"281\" src=\"https:\/\/www.youtube.com\/embed\/FE0TzfFQ28k?feature=oembed\" frameborder=\"0\" allow=\"accelerometer; autoplay; clipboard-write; encrypted-media; gyroscope; picture-in-picture; web-share\" referrerpolicy=\"strict-origin-when-cross-origin\" allowfullscreen><\/iframe>\n<\/div><\/figure>\n\n\n\n<figure class=\"wp-block-embed is-type-video is-provider-youtube wp-block-embed-youtube wp-embed-aspect-16-9 wp-has-aspect-ratio\"><div class=\"wp-block-embed__wrapper\">\n<iframe loading=\"lazy\" title=\"Grotte Chauvet : dans les pas des artistes de la pr\u00e9histoire | Documentaire | ARTE\" width=\"500\" height=\"281\" src=\"https:\/\/www.youtube.com\/embed\/S6rX9O4oC-g?feature=oembed\" frameborder=\"0\" allow=\"accelerometer; autoplay; clipboard-write; encrypted-media; gyroscope; picture-in-picture; web-share\" referrerpolicy=\"strict-origin-when-cross-origin\" allowfullscreen><\/iframe>\n<\/div><\/figure>\n<\/div>\n<\/div>\n<\/div>\n\n\n\n<div class=\"wp-block-group alignfull is-style-section-2 has-global-padding is-layout-constrained wp-block-group-is-layout-constrained is-style-section-2--3\" style=\"margin-top:0;margin-bottom:0;padding-top:var(--wp--preset--spacing--60);padding-bottom:var(--wp--preset--spacing--60)\">\n<div class=\"wp-block-columns alignwide is-layout-flex wp-container-core-columns-is-layout-643ced6b wp-block-columns-is-layout-flex\">\n<div class=\"wp-block-column is-layout-flow wp-block-column-is-layout-flow\" style=\"flex-basis:60%\">\n<figure class=\"wp-block-embed is-type-video is-provider-youtube wp-block-embed-youtube wp-embed-aspect-16-9 wp-has-aspect-ratio\"><div class=\"wp-block-embed__wrapper\">\n<iframe loading=\"lazy\" title=\"Meshroom Eurographics2021\" width=\"500\" height=\"281\" src=\"https:\/\/www.youtube.com\/embed\/H69gpAm3SAY?feature=oembed\" frameborder=\"0\" allow=\"accelerometer; autoplay; clipboard-write; encrypted-media; gyroscope; picture-in-picture; web-share\" referrerpolicy=\"strict-origin-when-cross-origin\" allowfullscreen><\/iframe>\n<\/div><\/figure>\n<\/div>\n\n\n\n<div class=\"wp-block-column is-vertically-aligned-center is-layout-flow wp-container-core-column-is-layout-119bc444 wp-block-column-is-layout-flow\" style=\"flex-basis:40%\">\n<h2 class=\"wp-block-heading has-xx-large-font-size\">For Researchers in AI &amp; CV<\/h2>\n\n\n\n<p>Meshroom empowers AI and Computer Vision researchers to master complex processing pipelines with ease. Its flexible plugin architecture guarantees reproducibility while enabling seamless isolation, testing, and customization of individual components. Accelerate your research, streamline debugging, and share breakthrough findings with the global community.<\/p>\n<\/div>\n<\/div>\n<\/div>\n","protected":false},"excerpt":{"rendered":"<p>For Visual Effects Meshroom is a node-based platform that streamlines VFX pipelines, using photogrammetry to create high-quality assets and environments, 360\u00b0 HDRI capture for realistic lighting, and camera tracking to seamlessly integrate CG elements into final shots. MPC received the Innovation Award at the 2025 C\u00e9sar &amp; Technical Awards for its development on Meshroom. For [&hellip;]<\/p>\n","protected":false},"author":2,"featured_media":0,"parent":0,"menu_order":0,"comment_status":"closed","ping_status":"closed","template":"","meta":{"footnotes":""},"class_list":["post-60","page","type-page","status-publish","hentry"],"_links":{"self":[{"href":"https:\/\/meshroom.org\/index.php\/wp-json\/wp\/v2\/pages\/60","targetHints":{"allow":["GET"]}}],"collection":[{"href":"https:\/\/meshroom.org\/index.php\/wp-json\/wp\/v2\/pages"}],"about":[{"href":"https:\/\/meshroom.org\/index.php\/wp-json\/wp\/v2\/types\/page"}],"author":[{"embeddable":true,"href":"https:\/\/meshroom.org\/index.php\/wp-json\/wp\/v2\/users\/2"}],"replies":[{"embeddable":true,"href":"https:\/\/meshroom.org\/index.php\/wp-json\/wp\/v2\/comments?post=60"}],"version-history":[{"count":19,"href":"https:\/\/meshroom.org\/index.php\/wp-json\/wp\/v2\/pages\/60\/revisions"}],"predecessor-version":[{"id":281,"href":"https:\/\/meshroom.org\/index.php\/wp-json\/wp\/v2\/pages\/60\/revisions\/281"}],"wp:attachment":[{"href":"https:\/\/meshroom.org\/index.php\/wp-json\/wp\/v2\/media?parent=60"}],"curies":[{"name":"wp","href":"https:\/\/api.w.org\/{rel}","templated":true}]}}